{"id":253,"date":"2025-06-04T21:18:30","date_gmt":"2025-06-04T21:18:30","guid":{"rendered":"https:\/\/2025.s-q-d.org\/?page_id=253"},"modified":"2026-01-16T12:20:45","modified_gmt":"2026-01-16T12:20:45","slug":"datenschutzerklaerung","status":"publish","type":"page","link":"https:\/\/2025.s-q-d.org\/?page_id=253","title":{"rendered":"Datenschutzerkl\u00e4rung"},"content":{"rendered":"\t\t<div data-elementor-type=\"wp-page\" data-elementor-id=\"253\" class=\"elementor elementor-253\" data-elementor-post-type=\"page\">\n\t\t\t\t<div class=\"elementor-element elementor-element-c1d56d2 e-flex e-con-boxed e-con e-parent\" data-id=\"c1d56d2\" data-element_type=\"container\" data-e-type=\"container\">\n\t\t\t\t\t<div class=\"e-con-inner\">\n\t\t\t\t<div class=\"elementor-element elementor-element-1f76f51 elementor-widget elementor-widget-heading\" data-id=\"1f76f51\" data-element_type=\"widget\" data-e-type=\"widget\" data-widget_type=\"heading.default\">\n\t\t\t\t<div class=\"elementor-widget-container\">\n\t\t\t\t\t<h1 class=\"elementor-heading-title elementor-size-default\">Datenschutzerkl\u00e4rung<\/h1>\t\t\t\t<\/div>\n\t\t\t\t<\/div>\n\t\t\t\t<div class=\"elementor-element elementor-element-6c1d344 elementor-widget elementor-widget-text-editor\" data-id=\"6c1d344\" data-element_type=\"widget\" data-e-type=\"widget\" data-widget_type=\"text-editor.default\">\n\t\t\t\t<div class=\"elementor-widget-container\">\n\t\t\t\t\t\t\t\t\t<p data-start=\"254\" data-end=\"455\">Wir nehmen den Schutz Ihrer pers\u00f6nlichen Daten ernst. In dieser Erkl\u00e4rung informieren wir Sie dar\u00fcber, welche Daten auf unserer Website erhoben werden, wie wir sie nutzen und welche Rechte Sie haben.<\/p><p data-start=\"457\" data-end=\"476\"><strong>Verantwortlich<\/strong><\/p><p data-start=\"477\" data-end=\"626\">Society for Quality in Dentistry (SQD)<br data-start=\"515\" data-end=\"518\" \/>Dr. med. dent. Andreas Ettlin, Pr\u00e4sident<br data-start=\"558\" data-end=\"561\" \/>Ringstrasse 15, 8500 Frauenfeld, Schweiz<br data-start=\"601\" data-end=\"604\" \/><a class=\"decorated-link cursor-pointer\" rel=\"noopener\" data-start=\"604\" data-end=\"624\">andreas[at]ettlinzaz.ch<\/a><\/p><p data-start=\"633\" data-end=\"662\"><strong>Welche Daten wir erheben<\/strong><\/p><ul data-start=\"663\" data-end=\"1266\"><li data-start=\"663\" data-end=\"827\"><p data-start=\"665\" data-end=\"827\"><strong data-start=\"665\" data-end=\"684\">Kontaktformular<\/strong>: Wenn Sie uns eine Nachricht senden, speichern wir die von Ihnen angegebenen Daten (z. B. Name, E-Mail, Inhalt der Anfrage) zur Bearbeitung.\u00a0<span style=\"background-color: transparent;\">Zum Schutz vor Spam verwenden wir Google reCAPTCHA. Dabei werden Daten (z. B. IP-Adresse, Browserdaten) an Google \u00fcbermittelt. Weitere Informationen: <\/span><a class=\"underline underline underline-offset-2 decoration-1 decoration-current\/40 hover:decoration-current focus:decoration-current\" href=\"https:\/\/policies.google.com\/privacy\">Datenschutzerkl\u00e4rung von Google<\/a><span style=\"background-color: transparent;\">.<\/span><\/p><\/li><li data-start=\"828\" data-end=\"1099\"><p data-start=\"830\" data-end=\"1099\"><strong data-start=\"830\" data-end=\"847\">Zugriffsdaten<\/strong>: Beim Besuch unserer Website werden technisch notwendige Informationen wie IP-Adresse, Browsertyp oder Zeitpunkt des Zugriffs automatisch vom Server protokolliert. Diese Daten dienen ausschliesslich der Sicherstellung des Betriebs und der Sicherheit.<\/p><\/li><li data-start=\"1100\" data-end=\"1266\"><p data-start=\"1102\" data-end=\"1266\"><strong data-start=\"1102\" data-end=\"1113\">Cookies<\/strong>: Wir verwenden nur technisch notwendige Cookies, die f\u00fcr den Betrieb der Website erforderlich sind. Tracking- oder Werbe-Cookies setzen wir nicht ein.<\/p><\/li><\/ul><p data-start=\"1273\" data-end=\"1304\"><strong>Dienste von Drittanbietern<\/strong><\/p><ul data-start=\"1305\" data-end=\"1615\"><li data-start=\"1305\" data-end=\"1615\"><p data-start=\"1307\" data-end=\"1615\"><strong data-start=\"1307\" data-end=\"1337\">Google Maps \/ Google Fonts<\/strong>: F\u00fcr die Darstellung von Karten und Schriften k\u00f6nnen Inhalte von Google geladen werden. Dabei k\u00f6nnen technische Daten (z. B. IP-Adresse) an Google \u00fcbermittelt werden. Mehr Informationen finden Sie in der <a class=\"decorated-link\" href=\"https:\/\/policies.google.com\/privacy\" target=\"_new\" rel=\"noopener\" data-start=\"1542\" data-end=\"1612\">Datenschutzerkl\u00e4rung von Google<\/a>.<\/p><\/li><li data-start=\"1305\" data-end=\"1615\"><p data-start=\"1307\" data-end=\"1615\"><strong>Google reCAPTCHA:<\/strong> Zum Schutz vor Spam verwenden wir in unserem Kontaktformular Google reCAPTCHA. Dabei werden Daten (z. B. IP-Adresse, Browserdaten) an Google \u00fcbermittelt, um automatisierte Zugriffe zu erkennen. Die Verarbeitung erfolgt auf Grundlage unseres berechtigten Interesses am Schutz vor Missbrauch (Art. 6 Abs. 1 lit. f DSGVO). Weitere Informationen finden Sie in der <a class=\"underline underline underline-offset-2 decoration-1 decoration-current\/40 hover:decoration-current focus:decoration-current\" href=\"https:\/\/policies.google.com\/privacy\">Datenschutzerkl\u00e4rung von Google<\/a>.<\/p><\/li><\/ul><p data-start=\"1622\" data-end=\"1654\"><strong>Aufbewahrung und Weitergabe<\/strong><\/p><p data-start=\"1655\" data-end=\"1952\">Ihre personenbezogenen Daten verwenden wir ausschlie\u00dflich f\u00fcr den jeweiligen Zweck (z. B. Beantwortung einer Anfrage). Eine Weitergabe an Dritte erfolgt nicht, au\u00dfer es besteht eine gesetzliche Pflicht. Daten werden nur so lange gespeichert, wie es f\u00fcr die Erf\u00fcllung des Zwecks erforderlich ist.<\/p><p data-start=\"1959\" data-end=\"1975\"><strong>Ihre Rechte<\/strong><\/p><p data-start=\"1976\" data-end=\"2242\">Sie haben jederzeit das Recht auf Auskunft, Berichtigung, L\u00f6schung oder Einschr\u00e4nkung der Verarbeitung Ihrer personenbezogenen Daten. Zudem k\u00f6nnen Sie eine erteilte Einwilligung jederzeit widerrufen. Anfragen richten Sie bitte an die oben genannten Kontaktdaten.<\/p><p data-start=\"2249\" data-end=\"2264\"><strong>Sicherheit<\/strong><\/p><p data-start=\"2265\" data-end=\"2375\">Unsere Website ist \u00fcber TLS\/SSL verschl\u00fcsselt, sodass die \u00dcbertragung Ihrer Daten bestm\u00f6glich gesch\u00fctzt ist.<\/p>\t\t\t\t\t\t\t\t<\/div>\n\t\t\t\t<\/div>\n\t\t\t\t\t<\/div>\n\t\t\t\t<\/div>\n\t\t\t\t<\/div>\n\t\t","protected":false},"excerpt":{"rendered":"<p>Datenschutzerkl\u00e4rung Wir nehmen den Schutz Ihrer pers\u00f6nlichen Daten ernst. In dieser Erkl\u00e4rung informieren wir Sie dar\u00fcber, welche Daten auf unserer Website erhoben werden, wie wir sie nutzen und welche Rechte Sie haben. Verantwortlich Society for Quality in Dentistry (SQD)Dr. med. dent. Andreas Ettlin, Pr\u00e4sidentRingstrasse 15, 8500 Frauenfeld, Schweizandreas[at]ettlinzaz.ch Welche Daten wir erheben Kontaktformular: Wenn Sie [&hellip;]<\/p>\n","protected":false},"author":1,"featured_media":0,"parent":0,"menu_order":0,"comment_status":"closed","ping_status":"closed","template":"","meta":{"footnotes":""},"class_list":["post-253","page","type-page","status-publish","hentry"],"_links":{"self":[{"href":"https:\/\/2025.s-q-d.org\/index.php?rest_route=\/wp\/v2\/pages\/253","targetHints":{"allow":["GET"]}}],"collection":[{"href":"https:\/\/2025.s-q-d.org\/index.php?rest_route=\/wp\/v2\/pages"}],"about":[{"href":"https:\/\/2025.s-q-d.org\/index.php?rest_route=\/wp\/v2\/types\/page"}],"author":[{"embeddable":true,"href":"https:\/\/2025.s-q-d.org\/index.php?rest_route=\/wp\/v2\/users\/1"}],"replies":[{"embeddable":true,"href":"https:\/\/2025.s-q-d.org\/index.php?rest_route=%2Fwp%2Fv2%2Fcomments&post=253"}],"version-history":[{"count":43,"href":"https:\/\/2025.s-q-d.org\/index.php?rest_route=\/wp\/v2\/pages\/253\/revisions"}],"predecessor-version":[{"id":862,"href":"https:\/\/2025.s-q-d.org\/index.php?rest_route=\/wp\/v2\/pages\/253\/revisions\/862"}],"wp:attachment":[{"href":"https:\/\/2025.s-q-d.org\/index.php?rest_route=%2Fwp%2Fv2%2Fmedia&parent=253"}],"curies":[{"name":"wp","href":"https:\/\/api.w.org\/{rel}","templated":true}]}}