{"id":247,"date":"2025-06-04T21:14:45","date_gmt":"2025-06-04T21:14:45","guid":{"rendered":"https:\/\/2025.s-q-d.org\/?page_id=247"},"modified":"2025-09-17T12:13:01","modified_gmt":"2025-09-17T12:13:01","slug":"impressum","status":"publish","type":"page","link":"https:\/\/2025.s-q-d.org\/?page_id=247","title":{"rendered":"Impressum"},"content":{"rendered":"\t\t<div data-elementor-type=\"wp-page\" data-elementor-id=\"247\" class=\"elementor elementor-247\" data-elementor-post-type=\"page\">\n\t\t\t\t<div class=\"elementor-element elementor-element-9ce6abe e-flex e-con-boxed e-con e-parent\" data-id=\"9ce6abe\" data-element_type=\"container\" data-e-type=\"container\">\n\t\t\t\t\t<div class=\"e-con-inner\">\n\t\t\t\t<div class=\"elementor-element elementor-element-a964a0b elementor-widget elementor-widget-heading\" data-id=\"a964a0b\" data-element_type=\"widget\" data-e-type=\"widget\" data-widget_type=\"heading.default\">\n\t\t\t\t<div class=\"elementor-widget-container\">\n\t\t\t\t\t<h1 class=\"elementor-heading-title elementor-size-default\">Impressum<\/h1>\t\t\t\t<\/div>\n\t\t\t\t<\/div>\n\t\t\t\t<div class=\"elementor-element elementor-element-3620664 elementor-widget elementor-widget-text-editor\" data-id=\"3620664\" data-element_type=\"widget\" data-e-type=\"widget\" data-widget_type=\"text-editor.default\">\n\t\t\t\t<div class=\"elementor-widget-container\">\n\t\t\t\t\t\t\t\t\t<p data-start=\"170\" data-end=\"259\"><strong data-start=\"170\" data-end=\"212\">Society for Quality in Dentistry (SQD)<\/strong><br data-start=\"212\" data-end=\"215\" \/>Gemeinn\u00fctziger Verein nach Schweizer Recht<\/p><p data-start=\"261\" data-end=\"374\"><strong data-start=\"261\" data-end=\"296\">Vertreten durch den Pr\u00e4sidenten<\/strong><br data-start=\"296\" data-end=\"299\" \/>Dr. med. dent. Andreas Ettlin<br data-start=\"328\" data-end=\"331\" \/>Ringstrasse 15<br data-start=\"345\" data-end=\"348\" \/>8500 Frauenfeld, Schweiz<\/p><p>Telefon: +41 52 728 82 82<br data-start=\"401\" data-end=\"404\" \/>E-Mail: andreas[at]ettlinzaz.ch<br data-start=\"432\" data-end=\"435\" \/>Web: <a class=\"decorated-link\" href=\"http:\/\/www.s-q-d.org\" target=\"_new\" rel=\"noopener\" data-start=\"440\" data-end=\"453\">www.s-q-d.org<\/a><\/p><p data-start=\"462\" data-end=\"485\"><strong>Haftungsausschluss<\/strong><\/p><p>Die SQD ist bem\u00fcht, die Inhalte dieser Website aktuell und korrekt zu halten. Dennoch \u00fcbernehmen wir keine Gew\u00e4hr f\u00fcr die Vollst\u00e4ndigkeit oder Richtigkeit der Informationen. Verlinkte externe Seiten liegen ausserhalb unseres Verantwortungsbereichs; f\u00fcr deren Inhalte sind ausschliesslich deren Betreiber verantwortlich.<\/p><p data-start=\"812\" data-end=\"829\"><strong>Urheberrecht<\/strong><\/p><p>Alle Inhalte dieser Website (Texte, Bilder, Grafiken) sind urheberrechtlich gesch\u00fctzt. Eine Verwendung oder Vervielf\u00e4ltigung ist nur mit ausdr\u00fccklicher Zustimmung der SQD erlaubt.<\/p>\t\t\t\t\t\t\t\t<\/div>\n\t\t\t\t<\/div>\n\t\t\t\t\t<\/div>\n\t\t\t\t<\/div>\n\t\t<div class=\"elementor-element elementor-element-1aeba60 e-grid e-con-boxed e-con e-parent\" data-id=\"1aeba60\" data-element_type=\"container\" data-e-type=\"container\">\n\t\t\t\t\t<div class=\"e-con-inner\">\n\t\t\t\t<div class=\"elementor-element elementor-element-01c3196 elementor-position-top elementor-widget elementor-widget-image-box\" data-id=\"01c3196\" data-element_type=\"widget\" data-e-type=\"widget\" data-widget_type=\"image-box.default\">\n\t\t\t\t<div class=\"elementor-widget-container\">\n\t\t\t\t\t<div class=\"elementor-image-box-wrapper\"><figure class=\"elementor-image-box-img\"><img fetchpriority=\"high\" decoding=\"async\" width=\"336\" height=\"336\" src=\"https:\/\/2025.s-q-d.org\/wp-content\/uploads\/2025\/08\/Team_Zaz_Ettlin_Andreas_MB22506.jpg\" class=\"attachment-full size-full wp-image-545\" alt=\"\" srcset=\"https:\/\/2025.s-q-d.org\/wp-content\/uploads\/2025\/08\/Team_Zaz_Ettlin_Andreas_MB22506.jpg 336w, https:\/\/2025.s-q-d.org\/wp-content\/uploads\/2025\/08\/Team_Zaz_Ettlin_Andreas_MB22506-300x300.jpg 300w, https:\/\/2025.s-q-d.org\/wp-content\/uploads\/2025\/08\/Team_Zaz_Ettlin_Andreas_MB22506-150x150.jpg 150w\" sizes=\"(max-width: 336px) 100vw, 336px\" \/><\/figure><div class=\"elementor-image-box-content\"><h3 class=\"elementor-image-box-title\">Andreas Ettlin<\/h3><p class=\"elementor-image-box-description\">Dr. med. dent. <br>\nPr\u00e4sident der SQD<\/p><\/div><\/div>\t\t\t\t<\/div>\n\t\t\t\t<\/div>\n\t\t\t\t<div class=\"elementor-element elementor-element-6b09162 elementor-position-top elementor-widget elementor-widget-image-box\" data-id=\"6b09162\" data-element_type=\"widget\" data-e-type=\"widget\" data-widget_type=\"image-box.default\">\n\t\t\t\t<div class=\"elementor-widget-container\">\n\t\t\t\t\t<div class=\"elementor-image-box-wrapper\"><figure class=\"elementor-image-box-img\"><img decoding=\"async\" width=\"272\" height=\"272\" src=\"https:\/\/2025.s-q-d.org\/wp-content\/uploads\/2025\/08\/Thomas_272x272.png\" class=\"attachment-full size-full wp-image-544\" alt=\"\" srcset=\"https:\/\/2025.s-q-d.org\/wp-content\/uploads\/2025\/08\/Thomas_272x272.png 272w, https:\/\/2025.s-q-d.org\/wp-content\/uploads\/2025\/08\/Thomas_272x272-150x150.png 150w\" sizes=\"(max-width: 272px) 100vw, 272px\" \/><\/figure><div class=\"elementor-image-box-content\"><h3 class=\"elementor-image-box-title\">Thomas M\u00fcller<\/h3><p class=\"elementor-image-box-description\">Dr. med. dent. <br>\nVizepr\u00e4sident der SQD<\/p><\/div><\/div>\t\t\t\t<\/div>\n\t\t\t\t<\/div>\n\t\t\t\t<div class=\"elementor-element elementor-element-7a7705f elementor-position-top elementor-widget elementor-widget-image-box\" data-id=\"7a7705f\" data-element_type=\"widget\" data-e-type=\"widget\" data-widget_type=\"image-box.default\">\n\t\t\t\t<div class=\"elementor-widget-container\">\n\t\t\t\t\t<div class=\"elementor-image-box-wrapper\"><figure class=\"elementor-image-box-img\"><img decoding=\"async\" width=\"480\" height=\"480\" src=\"https:\/\/2025.s-q-d.org\/wp-content\/uploads\/2025\/08\/renker_007_1280x854_@2x.jpg\" class=\"attachment-full size-full wp-image-546\" alt=\"\" srcset=\"https:\/\/2025.s-q-d.org\/wp-content\/uploads\/2025\/08\/renker_007_1280x854_@2x.jpg 480w, https:\/\/2025.s-q-d.org\/wp-content\/uploads\/2025\/08\/renker_007_1280x854_@2x-300x300.jpg 300w, https:\/\/2025.s-q-d.org\/wp-content\/uploads\/2025\/08\/renker_007_1280x854_@2x-150x150.jpg 150w\" sizes=\"(max-width: 480px) 100vw, 480px\" \/><\/figure><div class=\"elementor-image-box-content\"><h3 class=\"elementor-image-box-title\">Christoph Renker<\/h3><p class=\"elementor-image-box-description\">Dr. med. dent. <br>\nQu\u00e4stor der SQD<\/p><\/div><\/div>\t\t\t\t<\/div>\n\t\t\t\t<\/div>\n\t\t\t\t\t<\/div>\n\t\t\t\t<\/div>\n\t\t\t\t<\/div>\n\t\t","protected":false},"excerpt":{"rendered":"<p>Impressum Society for Quality in Dentistry (SQD)Gemeinn\u00fctziger Verein nach Schweizer Recht Vertreten durch den Pr\u00e4sidentenDr. med. dent. Andreas EttlinRingstrasse 158500 Frauenfeld, Schweiz Telefon: +41 52 728 82 82E-Mail: andreas[at]ettlinzaz.chWeb: www.s-q-d.org Haftungsausschluss Die SQD ist bem\u00fcht, die Inhalte dieser Website aktuell und korrekt zu halten. Dennoch \u00fcbernehmen wir keine Gew\u00e4hr f\u00fcr die Vollst\u00e4ndigkeit oder Richtigkeit der [&hellip;]<\/p>\n","protected":false},"author":1,"featured_media":0,"parent":0,"menu_order":0,"comment_status":"closed","ping_status":"closed","template":"","meta":{"footnotes":""},"class_list":["post-247","page","type-page","status-publish","hentry"],"_links":{"self":[{"href":"https:\/\/2025.s-q-d.org\/index.php?rest_route=\/wp\/v2\/pages\/247","targetHints":{"allow":["GET"]}}],"collection":[{"href":"https:\/\/2025.s-q-d.org\/index.php?rest_route=\/wp\/v2\/pages"}],"about":[{"href":"https:\/\/2025.s-q-d.org\/index.php?rest_route=\/wp\/v2\/types\/page"}],"author":[{"embeddable":true,"href":"https:\/\/2025.s-q-d.org\/index.php?rest_route=\/wp\/v2\/users\/1"}],"replies":[{"embeddable":true,"href":"https:\/\/2025.s-q-d.org\/index.php?rest_route=%2Fwp%2Fv2%2Fcomments&post=247"}],"version-history":[{"count":49,"href":"https:\/\/2025.s-q-d.org\/index.php?rest_route=\/wp\/v2\/pages\/247\/revisions"}],"predecessor-version":[{"id":775,"href":"https:\/\/2025.s-q-d.org\/index.php?rest_route=\/wp\/v2\/pages\/247\/revisions\/775"}],"wp:attachment":[{"href":"https:\/\/2025.s-q-d.org\/index.php?rest_route=%2Fwp%2Fv2%2Fmedia&parent=247"}],"curies":[{"name":"wp","href":"https:\/\/api.w.org\/{rel}","templated":true}]}}